{"id":54,"date":"2020-05-04T15:19:02","date_gmt":"2020-05-04T13:19:02","guid":{"rendered":"https:\/\/arge-tp-21.de\/one-page-express\/"},"modified":"2025-12-15T18:47:49","modified_gmt":"2025-12-15T17:47:49","slug":"fahrerlaubnispruefung","status":"publish","type":"page","link":"https:\/\/fahrerlaubnis.tuev-dekra.de\/en\/","title":{"rendered":"Fahrerlaubnispr\u00fcfung"},"content":{"rendered":"<div data-elementor-type=\"wp-post\" data-elementor-id=\"8134\" class=\"elementor elementor-8134\">\n\t\t\t\t\t\t<section class=\"elementor-section elementor-top-section elementor-element elementor-element-c74fc72 elementor-section-boxed elementor-section-height-default elementor-section-height-default\" data-id=\"c74fc72\" data-element_type=\"section\" data-e-type=\"section\">\n\t\t\t\t\t\t<div class=\"elementor-container elementor-column-gap-default\">\n\t\t\t\t\t<div class=\"elementor-column elementor-col-100 elementor-top-column elementor-element elementor-element-cc7fb30\" data-id=\"cc7fb30\" data-element_type=\"column\" data-e-type=\"column\">\n\t\t\t<div class=\"elementor-widget-wrap elementor-element-populated\">\n\t\t\t\t\t\t<div class=\"elementor-element elementor-element-fa8e183 elementor-widget elementor-widget-text-editor\" data-id=\"fa8e183\" data-element_type=\"widget\" data-e-type=\"widget\" data-widget_type=\"text-editor.default\">\n\t\t\t\t<div class=\"elementor-widget-container\">\n\t\t\t\t\t\t\t\t\t<p>In Abstimmung mit dem Bundesministerium f\u00fcr Digitales und Verkehr (BMDV) und den f\u00fcr das Fahrerlaubnisrecht zust\u00e4ndigen Obersten Landesbeh\u00f6rden werden (organisatorische) Informationen zur Umsetzung der Fahrerlaubnispr\u00fcfung, die nicht \u00fcber das Verkehrsblatt oder den elektronischen Bundesanzeiger ver\u00f6ffentlicht und damit geregelt werden, \u00fcber die T\u00dcV | DEKRA arge tp 21 (z. B. \u00fcber die Webseite www.fahrerlaubnis.tuev-dekra.de) f\u00fcr alle Beteiligten zur Verf\u00fcgung gestellt.<\/p>\n<h4><b>Information vom 01.04.2025:<\/b><\/h4>\n<p><b>Keine Verkehrsblatt-Verlautbarung zur \u00c4nderung der Pr\u00fcfungsrichtlinien f\u00fcr die theoretische und praktische Fahrerlaubnispr\u00fcfung (Teil B der Richtlinien &#8211; Fragenkatalog und Fahraufgabenkatalog) im April 2025<\/b><\/p>\n<p>Die Novelle der Fahrsch\u00fclerausbildungsordnung sowie deren rechtlichen Rahmenbedingungen f\u00fcr die Durchf\u00fchrung der theoretischen und praktischen Fahrerlaubnispr\u00fcfung bed\u00fcrfen bei allen am Fahrerlaubnispr\u00fcfungsprozess Beteiligten einer ausreichenden Vorbereitungs- und Umsetzungszeit. Deshalb soll es aus verfahrens\u00f6konomischen Gr\u00fcnden im April 2025 keine \u00c4nderung des Fragenkataloges f\u00fcr die theoretische Fahrerlaubnispr\u00fcfung und keine \u00c4nderung des Fahraufgabenkatalogs f\u00fcr die praktische Fahrerlaubnispr\u00fcfung geben.<\/p>\n<p>Stand: 01.04.2025, T\u00dcV | DEKRA arge tp 21<\/p>\t\t\t\t\t\t\t\t<\/div>\n\t\t\t\t<\/div>\n\t\t\t\t\t<\/div>\n\t\t<\/div>\n\t\t\t\t\t<\/div>\n\t\t<\/section>\n\t\t\t\t<\/div>","protected":false},"excerpt":{"rendered":"<p>T\u00dcV | DEKRA arge tp 21 &#8211; Rolle, Aufgaben, Verantwortung Die Theoretische und Praktische Fahrerlaubnispr\u00fcfung wird von uns in Zusammenarbeit mit den zust\u00e4ndigen Beh\u00f6rden, den Technischen Pr\u00fcfstellen f\u00fcr den Kraftfahrzeugverkehr und der Fahrlehrerschaft kontinuierlich weiterentwickelt.&nbsp;Dabei arbeiten wir eng mit Forschungseinrichtungen zusammen.&nbsp; Ziel ist es, den bestm\u00f6glichen Beitrag der Fahrerlaubnispr\u00fcfung zur Verkehrssicherheit der Fahranf\u00e4ngerinnen und Fahranf\u00e4nger&hellip; <br \/> <a class=\"button small blue\" href=\"https:\/\/fahrerlaubnis.tuev-dekra.de\/en\/aenderung-des-fragenkatalogs-der-theoretischen-fahrerlaubnispruefung-mit-der-verlautbarung-des-bmdv-im-verkehrsblatt-07-2024\/\">Read more<\/a><\/p>","protected":false},"author":8,"featured_media":0,"parent":0,"menu_order":1,"comment_status":"closed","ping_status":"closed","template":"","meta":{"inline_featured_image":false,"footnotes":""},"class_list":["post-54","page","type-page","status-publish","hentry"],"publishpress_future_action":{"enabled":false,"date":"2026-05-11 17:39:29","action":"change-status","newStatus":"draft","terms":[],"taxonomy":"","extraData":[]},"publishpress_future_workflow_manual_trigger":{"enabledWorkflows":[]},"_links":{"self":[{"href":"https:\/\/fahrerlaubnis.tuev-dekra.de\/en\/wp-json\/wp\/v2\/pages\/54","targetHints":{"allow":["GET"]}}],"collection":[{"href":"https:\/\/fahrerlaubnis.tuev-dekra.de\/en\/wp-json\/wp\/v2\/pages"}],"about":[{"href":"https:\/\/fahrerlaubnis.tuev-dekra.de\/en\/wp-json\/wp\/v2\/types\/page"}],"author":[{"embeddable":true,"href":"https:\/\/fahrerlaubnis.tuev-dekra.de\/en\/wp-json\/wp\/v2\/users\/8"}],"replies":[{"embeddable":true,"href":"https:\/\/fahrerlaubnis.tuev-dekra.de\/en\/wp-json\/wp\/v2\/comments?post=54"}],"version-history":[{"count":11,"href":"https:\/\/fahrerlaubnis.tuev-dekra.de\/en\/wp-json\/wp\/v2\/pages\/54\/revisions"}],"predecessor-version":[{"id":9348,"href":"https:\/\/fahrerlaubnis.tuev-dekra.de\/en\/wp-json\/wp\/v2\/pages\/54\/revisions\/9348"}],"wp:attachment":[{"href":"https:\/\/fahrerlaubnis.tuev-dekra.de\/en\/wp-json\/wp\/v2\/media?parent=54"}],"curies":[{"name":"wp","href":"https:\/\/api.w.org\/{rel}","templated":true}]}}